{"id":1430,"date":"2022-08-13T08:37:05","date_gmt":"2022-08-13T08:37:05","guid":{"rendered":"https:\/\/tinysalt.loftocean.com\/elementor\/?page_id=1430"},"modified":"2023-01-06T22:23:20","modified_gmt":"2023-01-06T22:23:20","slug":"contact-me","status":"publish","type":"page","link":"https:\/\/ninaundraphael.ch\/?page_id=1430","title":{"rendered":"Kontakt"},"content":{"rendered":"<p>Wenn du Fragen zu einem Rezept hast, uns gesch\u00e4ftlich kontaktieren m\u00f6chtest oder sonst ein Anliegen&nbsp;hast, dann kontaktiere uns \u00fcber untenstehendes Formular oder \u00fcber unsere&nbsp; E-Mail.<\/p>\n<ul>\n<li>F\u00fcr gesch\u00e4ftliche Anfragen bitte kontaktiere&nbsp;<a href=\"mailto:info@ninaundraphael.ch\">info@ninaundraphael.ch<\/a><\/li>\n<li>Bei allgemeinen Fragen zu einem Rezept, f\u00fclle bitte untenstehendes Formular aus<\/li>\n<\/ul>\n<h4>Hast du Fragen zu den Rezepten? F\u00fclle das Formular aus:<\/h4>\n<p role=\"status\" aria-live=\"polite\" aria-atomic=\"true\">\n<ul><\/ul>\n<form action=\"\/wp-admin\/admin-ajax.php#wpcf7-f4-o3\" method=\"post\" aria-label=\"Contact form\" novalidate=\"novalidate\" data-status=\"init\">\n<input type=\"hidden\" name=\"_wpcf7\" value=\"4\"><br \/>\n<input type=\"hidden\" name=\"_wpcf7_version\" value=\"5.7.2\"><br \/>\n<input type=\"hidden\" name=\"_wpcf7_locale\" value=\"de_CH\"><br \/>\n<input type=\"hidden\" name=\"_wpcf7_unit_tag\" value=\"wpcf7-f4-o3\"><br \/>\n<input type=\"hidden\" name=\"_wpcf7_container_post\" value=\"0\"><br \/>\n<input type=\"hidden\" name=\"_wpcf7_posted_data_hash\" value=\"\"><\/p>\n<p><label> Dein Name<br \/>\n<input size=\"40\" autocomplete=\"name\" aria-required=\"true\" aria-invalid=\"false\" value=\"\" type=\"text\" name=\"your-name\"> <\/label><\/p>\n<p><label> Deine E-Mail<br \/>\n<input size=\"40\" autocomplete=\"email\" aria-required=\"true\" aria-invalid=\"false\" value=\"\" type=\"email\" name=\"your-email\"> <\/label><\/p>\n<p><label> Betreff<br \/>\n<input size=\"40\" aria-required=\"true\" aria-invalid=\"false\" value=\"\" type=\"text\" name=\"your-subject\"> <\/label><\/p>\n<p><label> Deine Nachricht (optional)<br \/>\n<textarea cols=\"40\" rows=\"10\" aria-invalid=\"false\" name=\"your-message\"><\/textarea> <\/label><\/p>\n<p><input type=\"submit\" value=\"Senden\"><\/p>\n<\/form>\n","protected":false},"excerpt":{"rendered":"<p>Wenn du Fragen zu einem Rezept hast, uns gesch\u00e4ftlich kontaktieren m\u00f6chtest oder sonst ein Anliegen&nbsp;hast, dann kontaktiere uns \u00fcber untenstehendes Formular oder \u00fcber unsere&nbsp; E-Mail. F\u00fcr gesch\u00e4ftliche Anfragen bitte kontaktiere&nbsp;info@ninaundraphael.ch Bei allgemeinen Fragen zu einem Rezept, f\u00fclle bitte untenstehendes Formular aus Hast du Fragen zu den Rezepten? F\u00fclle das Formular aus: Dein Name Deine E-Mail &#8230;<\/p>\n","protected":false},"author":2,"featured_media":1865,"parent":0,"menu_order":0,"comment_status":"closed","ping_status":"closed","template":"template-4.php","meta":{"wprm-recipe-roundup-name":"","wprm-recipe-roundup-description":"","_monsterinsights_skip_tracking":false,"_monsterinsights_sitenote_active":false,"_monsterinsights_sitenote_note":"","_monsterinsights_sitenote_category":0,"tinysalt_hide_before_page_content_ad":"","tinysalt_hide_after_page_content_ad":"","tinysalt_hide_page_header":"","tinysalt_advanced_classname":"","tinysalt_page_featured_media_position":"","tinysalt_single_site_header_source":"","tinysalt_single_custom_site_header":"0","tinysalt_single_custom_sticky_site_header":"0","tinysalt_single_custom_sticky_site_header_style":"sticky-scroll-up","tinysalt_single_site_footer_source":"","tinysalt_single_custom_site_footer":"0","footnotes":""},"class_list":["post-1430","page","type-page","status-publish","has-post-thumbnail","hentry"],"yoast_head":"<!-- This site is optimized with the Yoast SEO plugin v27.0 - https:\/\/yoast.com\/product\/yoast-seo-wordpress\/ -->\n<title>Kontakt - ninaundraphael<\/title>\n<meta name=\"robots\" content=\"index, follow, max-snippet:-1, max-image-preview:large, max-video-preview:-1\" \/>\n<link rel=\"canonical\" href=\"https:\/\/ninaundraphael.ch\/?page_id=1430\" \/>\n<meta property=\"og:locale\" content=\"de_DE\" \/>\n<meta property=\"og:type\" content=\"article\" \/>\n<meta property=\"og:title\" content=\"Kontakt - ninaundraphael\" \/>\n<meta property=\"og:description\" content=\"Wenn du Fragen zu einem Rezept hast, uns gesch\u00e4ftlich kontaktieren m\u00f6chtest oder sonst ein Anliegen&nbsp;hast, dann kontaktiere uns \u00fcber untenstehendes Formular oder \u00fcber unsere&nbsp; E-Mail. F\u00fcr gesch\u00e4ftliche Anfragen bitte kontaktiere&nbsp;info@ninaundraphael.ch Bei allgemeinen Fragen zu einem Rezept, f\u00fclle bitte untenstehendes Formular aus Hast du Fragen zu den Rezepten? F\u00fclle das Formular aus: Dein Name Deine E-Mail ...\" \/>\n<meta property=\"og:url\" content=\"https:\/\/ninaundraphael.ch\/?page_id=1430\" \/>\n<meta property=\"og:site_name\" content=\"ninaundraphael\" \/>\n<meta property=\"article:modified_time\" content=\"2023-01-06T22:23:20+00:00\" \/>\n<meta property=\"og:image\" content=\"https:\/\/ninaundraphael.ch\/wp-content\/uploads\/2022\/09\/uliana-kopanytsia-Exf1N6_UTZM-unsplash.jpg\" \/>\n\t<meta property=\"og:image:width\" content=\"1600\" \/>\n\t<meta property=\"og:image:height\" content=\"2000\" \/>\n\t<meta property=\"og:image:type\" content=\"image\/jpeg\" \/>\n<meta name=\"twitter:card\" content=\"summary_large_image\" \/>\n<meta name=\"twitter:label1\" content=\"Gesch\u00e4tzte Lesezeit\" \/>\n\t<meta name=\"twitter:data1\" content=\"1\u00a0Minute\" \/>\n<script type=\"application\/ld+json\" class=\"yoast-schema-graph\">{\"@context\":\"https:\/\/schema.org\",\"@graph\":[{\"@type\":[\"WebPage\",\"ContactPage\"],\"@id\":\"https:\/\/ninaundraphael.ch\/?page_id=1430\",\"url\":\"https:\/\/ninaundraphael.ch\/?page_id=1430\",\"name\":\"Kontakt - ninaundraphael\",\"isPartOf\":{\"@id\":\"https:\/\/ninaundraphael.ch\/#website\"},\"primaryImageOfPage\":{\"@id\":\"https:\/\/ninaundraphael.ch\/?page_id=1430#primaryimage\"},\"image\":{\"@id\":\"https:\/\/ninaundraphael.ch\/?page_id=1430#primaryimage\"},\"thumbnailUrl\":\"https:\/\/ninaundraphael.ch\/wp-content\/uploads\/2022\/09\/uliana-kopanytsia-Exf1N6_UTZM-unsplash.jpg\",\"datePublished\":\"2022-08-13T08:37:05+00:00\",\"dateModified\":\"2023-01-06T22:23:20+00:00\",\"breadcrumb\":{\"@id\":\"https:\/\/ninaundraphael.ch\/?page_id=1430#breadcrumb\"},\"inLanguage\":\"de\",\"potentialAction\":[{\"@type\":\"ReadAction\",\"target\":[\"https:\/\/ninaundraphael.ch\/?page_id=1430\"]}]},{\"@type\":\"ImageObject\",\"inLanguage\":\"de\",\"@id\":\"https:\/\/ninaundraphael.ch\/?page_id=1430#primaryimage\",\"url\":\"https:\/\/ninaundraphael.ch\/wp-content\/uploads\/2022\/09\/uliana-kopanytsia-Exf1N6_UTZM-unsplash.jpg\",\"contentUrl\":\"https:\/\/ninaundraphael.ch\/wp-content\/uploads\/2022\/09\/uliana-kopanytsia-Exf1N6_UTZM-unsplash.jpg\",\"width\":1600,\"height\":2000},{\"@type\":\"BreadcrumbList\",\"@id\":\"https:\/\/ninaundraphael.ch\/?page_id=1430#breadcrumb\",\"itemListElement\":[{\"@type\":\"ListItem\",\"position\":1,\"name\":\"Home\",\"item\":\"https:\/\/ninaundraphael.ch\/\"},{\"@type\":\"ListItem\",\"position\":2,\"name\":\"Kontakt\"}]},{\"@type\":\"WebSite\",\"@id\":\"https:\/\/ninaundraphael.ch\/#website\",\"url\":\"https:\/\/ninaundraphael.ch\/\",\"name\":\"ninaundraphael\",\"description\":\"\",\"publisher\":{\"@id\":\"https:\/\/ninaundraphael.ch\/#organization\"},\"potentialAction\":[{\"@type\":\"SearchAction\",\"target\":{\"@type\":\"EntryPoint\",\"urlTemplate\":\"https:\/\/ninaundraphael.ch\/?s={search_term_string}\"},\"query-input\":{\"@type\":\"PropertyValueSpecification\",\"valueRequired\":true,\"valueName\":\"search_term_string\"}}],\"inLanguage\":\"de\"},{\"@type\":\"Organization\",\"@id\":\"https:\/\/ninaundraphael.ch\/#organization\",\"name\":\"ninaundraphael\",\"url\":\"https:\/\/ninaundraphael.ch\/\",\"logo\":{\"@type\":\"ImageObject\",\"inLanguage\":\"de\",\"@id\":\"https:\/\/ninaundraphael.ch\/#\/schema\/logo\/image\/\",\"url\":\"https:\/\/ninaundraphael.ch\/wp-content\/uploads\/2023\/01\/cropped-cropped-logo_transparent-1.png\",\"contentUrl\":\"https:\/\/ninaundraphael.ch\/wp-content\/uploads\/2023\/01\/cropped-cropped-logo_transparent-1.png\",\"width\":1200,\"height\":400,\"caption\":\"ninaundraphael\"},\"image\":{\"@id\":\"https:\/\/ninaundraphael.ch\/#\/schema\/logo\/image\/\"}}]}<\/script>\n<!-- \/ Yoast SEO plugin. -->","yoast_head_json":{"title":"Kontakt - ninaundraphael","robots":{"index":"index","follow":"follow","max-snippet":"max-snippet:-1","max-image-preview":"max-image-preview:large","max-video-preview":"max-video-preview:-1"},"canonical":"https:\/\/ninaundraphael.ch\/?page_id=1430","og_locale":"de_DE","og_type":"article","og_title":"Kontakt - ninaundraphael","og_description":"Wenn du Fragen zu einem Rezept hast, uns gesch\u00e4ftlich kontaktieren m\u00f6chtest oder sonst ein Anliegen&nbsp;hast, dann kontaktiere uns \u00fcber untenstehendes Formular oder \u00fcber unsere&nbsp; E-Mail. F\u00fcr gesch\u00e4ftliche Anfragen bitte kontaktiere&nbsp;info@ninaundraphael.ch Bei allgemeinen Fragen zu einem Rezept, f\u00fclle bitte untenstehendes Formular aus Hast du Fragen zu den Rezepten? F\u00fclle das Formular aus: Dein Name Deine E-Mail ...","og_url":"https:\/\/ninaundraphael.ch\/?page_id=1430","og_site_name":"ninaundraphael","article_modified_time":"2023-01-06T22:23:20+00:00","og_image":[{"width":1600,"height":2000,"url":"https:\/\/ninaundraphael.ch\/wp-content\/uploads\/2022\/09\/uliana-kopanytsia-Exf1N6_UTZM-unsplash.jpg","type":"image\/jpeg"}],"twitter_card":"summary_large_image","twitter_misc":{"Gesch\u00e4tzte Lesezeit":"1\u00a0Minute"},"schema":{"@context":"https:\/\/schema.org","@graph":[{"@type":["WebPage","ContactPage"],"@id":"https:\/\/ninaundraphael.ch\/?page_id=1430","url":"https:\/\/ninaundraphael.ch\/?page_id=1430","name":"Kontakt - ninaundraphael","isPartOf":{"@id":"https:\/\/ninaundraphael.ch\/#website"},"primaryImageOfPage":{"@id":"https:\/\/ninaundraphael.ch\/?page_id=1430#primaryimage"},"image":{"@id":"https:\/\/ninaundraphael.ch\/?page_id=1430#primaryimage"},"thumbnailUrl":"https:\/\/ninaundraphael.ch\/wp-content\/uploads\/2022\/09\/uliana-kopanytsia-Exf1N6_UTZM-unsplash.jpg","datePublished":"2022-08-13T08:37:05+00:00","dateModified":"2023-01-06T22:23:20+00:00","breadcrumb":{"@id":"https:\/\/ninaundraphael.ch\/?page_id=1430#breadcrumb"},"inLanguage":"de","potentialAction":[{"@type":"ReadAction","target":["https:\/\/ninaundraphael.ch\/?page_id=1430"]}]},{"@type":"ImageObject","inLanguage":"de","@id":"https:\/\/ninaundraphael.ch\/?page_id=1430#primaryimage","url":"https:\/\/ninaundraphael.ch\/wp-content\/uploads\/2022\/09\/uliana-kopanytsia-Exf1N6_UTZM-unsplash.jpg","contentUrl":"https:\/\/ninaundraphael.ch\/wp-content\/uploads\/2022\/09\/uliana-kopanytsia-Exf1N6_UTZM-unsplash.jpg","width":1600,"height":2000},{"@type":"BreadcrumbList","@id":"https:\/\/ninaundraphael.ch\/?page_id=1430#breadcrumb","itemListElement":[{"@type":"ListItem","position":1,"name":"Home","item":"https:\/\/ninaundraphael.ch\/"},{"@type":"ListItem","position":2,"name":"Kontakt"}]},{"@type":"WebSite","@id":"https:\/\/ninaundraphael.ch\/#website","url":"https:\/\/ninaundraphael.ch\/","name":"ninaundraphael","description":"","publisher":{"@id":"https:\/\/ninaundraphael.ch\/#organization"},"potentialAction":[{"@type":"SearchAction","target":{"@type":"EntryPoint","urlTemplate":"https:\/\/ninaundraphael.ch\/?s={search_term_string}"},"query-input":{"@type":"PropertyValueSpecification","valueRequired":true,"valueName":"search_term_string"}}],"inLanguage":"de"},{"@type":"Organization","@id":"https:\/\/ninaundraphael.ch\/#organization","name":"ninaundraphael","url":"https:\/\/ninaundraphael.ch\/","logo":{"@type":"ImageObject","inLanguage":"de","@id":"https:\/\/ninaundraphael.ch\/#\/schema\/logo\/image\/","url":"https:\/\/ninaundraphael.ch\/wp-content\/uploads\/2023\/01\/cropped-cropped-logo_transparent-1.png","contentUrl":"https:\/\/ninaundraphael.ch\/wp-content\/uploads\/2023\/01\/cropped-cropped-logo_transparent-1.png","width":1200,"height":400,"caption":"ninaundraphael"},"image":{"@id":"https:\/\/ninaundraphael.ch\/#\/schema\/logo\/image\/"}}]}},"_links":{"self":[{"href":"https:\/\/ninaundraphael.ch\/index.php?rest_route=\/wp\/v2\/pages\/1430","targetHints":{"allow":["GET"]}}],"collection":[{"href":"https:\/\/ninaundraphael.ch\/index.php?rest_route=\/wp\/v2\/pages"}],"about":[{"href":"https:\/\/ninaundraphael.ch\/index.php?rest_route=\/wp\/v2\/types\/page"}],"author":[{"embeddable":true,"href":"https:\/\/ninaundraphael.ch\/index.php?rest_route=\/wp\/v2\/users\/2"}],"replies":[{"embeddable":true,"href":"https:\/\/ninaundraphael.ch\/index.php?rest_route=%2Fwp%2Fv2%2Fcomments&post=1430"}],"version-history":[{"count":22,"href":"https:\/\/ninaundraphael.ch\/index.php?rest_route=\/wp\/v2\/pages\/1430\/revisions"}],"predecessor-version":[{"id":2673,"href":"https:\/\/ninaundraphael.ch\/index.php?rest_route=\/wp\/v2\/pages\/1430\/revisions\/2673"}],"wp:featuredmedia":[{"embeddable":true,"href":"https:\/\/ninaundraphael.ch\/index.php?rest_route=\/wp\/v2\/media\/1865"}],"wp:attachment":[{"href":"https:\/\/ninaundraphael.ch\/index.php?rest_route=%2Fwp%2Fv2%2Fmedia&parent=1430"}],"curies":[{"name":"wp","href":"https:\/\/api.w.org\/{rel}","templated":true}]}}